{"id":1110,"date":"2025-08-22T08:12:53","date_gmt":"2025-08-22T08:12:53","guid":{"rendered":"http:\/\/www.mxwtest.com\/?page_id=1110"},"modified":"2025-10-16T10:38:23","modified_gmt":"2025-10-16T02:38:23","slug":"losungen","status":"publish","type":"page","link":"https:\/\/www.muxwave.com\/de\/solutions\/","title":{"rendered":"Soluciones"},"content":{"rendered":"<div class=\"wp-block-uagb-container uagb-block-33c5c01d alignfull uagb-is-root-container\"><div class=\"uagb-container-inner-blocks-wrap\">\n<div class=\"wp-block-uagb-advanced-heading uagb-block-fce6488c\"><h1 class=\"uagb-heading-text\">Transparente LED-Display-L\u00f6sungen<\/h1><p class=\"uagb-desc-text\">Der holografische unsichtbare Bildschirm von MUXWAVE ist ein innovatives transparentes LED-Display.<br>Es kann direkt auf transparente Glasfl\u00e4chen oder jede offene Fl\u00e4che aufgebracht werden, ohne die Transparenz des Glases oder die Offenheit des Raumes zu ver\u00e4ndern.<\/p><\/div>\n<\/div><\/div>\n\n\n\n<div class=\"wp-block-uagb-container uagb-block-89aa2816 alignfull uagb-is-root-container\"><div class=\"uagb-container-inner-blocks-wrap\">\n<div class=\"wp-block-uagb-container uagb-block-a40088a0\">\n<div class=\"wp-block-uagb-image uagb-block-8482fa94 wp-block-uagb-image--layout-default wp-block-uagb-image--effect-static wp-block-uagb-image--align-none\"><figure class=\"wp-block-uagb-image__figure\"><a class=\"\" href=\"https:\/\/www.muxwave.com\/de\/losungen\/schaufenster-2\/\" target=\"\" rel=\"noopener\"><img decoding=\"async\" srcset=\"https:\/\/www.muxwave.com\/wp-content\/uploads\/2025\/09\/1-Store-Window-Displays.webp ,https:\/\/www.muxwave.com\/wp-content\/uploads\/2025\/09\/1-Store-Window-Displays.webp 780w, https:\/\/www.muxwave.com\/wp-content\/uploads\/2025\/09\/1-Store-Window-Displays.webp 360w\" sizes=\"auto, (max-width: 480px) 150px\" src=\"https:\/\/www.muxwave.com\/wp-content\/uploads\/2025\/09\/1-Store-Window-Displays.webp\" alt=\"\" class=\"uag-image-7063\" width=\"680\" height=\"383\" title=\"1-Speicher-Fenster-Displays\" loading=\"lazy\" role=\"img\"><\/a><\/figure><\/div>\n<\/div>\n\n\n\n<div class=\"wp-block-uagb-container uagb-block-b3fc175c\">\n<div class=\"wp-block-uagb-advanced-heading uagb-block-2255c980\"><h2 class=\"uagb-heading-text\"><a href=\"https:\/\/www.muxwave.com\/de\/losungen\/schaufenster-2\/\">Schaufenster-Displays<\/a><\/h2><\/div>\n\n\n\n<div class=\"wp-block-uagb-advanced-heading uagb-block-d0124e3d\"><p class=\"uagb-heading-text\">Muxwave Holographic Invisible Screen nutzt die transparente Display-Technologie, um visuell beeindruckende, technikaffine und kreative Erlebnisse f\u00fcr Einzelhandelsgesch\u00e4fte zu schaffen. Von Schaufensterauslagen und Produktpr\u00e4sentationen bis hin zu Markeneinf\u00fchrungen und Pop-up-Events - sie fesselt die Kunden mit atemberaubenden visuellen Effekten.<\/p><\/div>\n\n\n\n<div class=\"wp-block-uagb-buttons uagb-buttons__outer-wrap uagb-btn__default-btn uagb-btn-tablet__default-btn uagb-btn-mobile__default-btn uagb-block-e74a923b\"><div class=\"uagb-buttons__wrap uagb-buttons-layout-wrap\">\n<div class=\"wp-block-uagb-buttons-child uagb-buttons__outer-wrap uagb-block-db7d2164 wp-block-button\"><div class=\"uagb-button__wrapper\"><a class=\"uagb-buttons-repeater wp-block-button__link\" aria-label=\"\" href=\"https:\/\/www.muxwave.com\/de\/losungen\/schaufenster-2\/\" rel=\"follow noopener\" target=\"_self\" role=\"button\"><div class=\"uagb-button__link\">Mehr lesen<\/div><\/a><\/div><\/div>\n<\/div><\/div>\n<\/div>\n<\/div><\/div>\n\n\n\n<div class=\"wp-block-uagb-container uagb-block-4f4270c3 alignfull uagb-is-root-container\"><div class=\"uagb-container-inner-blocks-wrap\">\n<div class=\"wp-block-uagb-container uagb-block-3d4c0380\">\n<div class=\"wp-block-uagb-image uagb-block-c8b7336d wp-block-uagb-image--layout-default wp-block-uagb-image--effect-static wp-block-uagb-image--align-none\"><figure class=\"wp-block-uagb-image__figure\"><a class=\"\" href=\"https:\/\/www.muxwave.com\/de\/losungen\/glasvorhangfassade-2\/\" target=\"\" rel=\"noopener\"><img decoding=\"async\" srcset=\"https:\/\/www.muxwave.com\/wp-content\/uploads\/2025\/09\/2-Glass-Curtain-Walls.webp ,https:\/\/www.muxwave.com\/wp-content\/uploads\/2025\/09\/2-Glass-Curtain-Walls.webp 780w, https:\/\/www.muxwave.com\/wp-content\/uploads\/2025\/09\/2-Glass-Curtain-Walls.webp 360w\" sizes=\"auto, (max-width: 480px) 150px\" src=\"https:\/\/www.muxwave.com\/wp-content\/uploads\/2025\/09\/2-Glass-Curtain-Walls.webp\" alt=\"\" class=\"uag-image-7066\" width=\"680\" height=\"383\" title=\"2-Glas-Vorhang-W\u00e4nde\" loading=\"lazy\" role=\"img\"><\/a><\/figure><\/div>\n<\/div>\n\n\n\n<div class=\"wp-block-uagb-container uagb-block-2e8a6434\">\n<div class=\"wp-block-uagb-advanced-heading uagb-block-c403b2b6\"><h2 class=\"uagb-heading-text\"><a href=\"https:\/\/www.muxwave.com\/de\/losungen\/glasvorhangfassade-2\/\">Glasvorhangw\u00e4nde<\/a><\/h2><\/div>\n\n\n\n<div class=\"wp-block-uagb-advanced-heading uagb-block-4419b540\"><p class=\"uagb-heading-text\">Muxwave Holographic Invisible Screen bietet mehrere L\u00f6sungen f\u00fcr Glasfassaden mit ma\u00dfgeschneiderten Strukturen, die sich perfekt anpassen, ohne das Erscheinungsbild des Geb\u00e4udes zu ver\u00e4ndern. Selbst bei direkter Sonneneinstrahlung bleibt das Display lebendig und ges\u00e4ttigt, w\u00e4hrend es keine strukturelle Belastung f\u00fcr die Fassade darstellt.<\/p><\/div>\n\n\n\n<div class=\"wp-block-uagb-buttons uagb-buttons__outer-wrap uagb-btn__default-btn uagb-btn-tablet__default-btn uagb-btn-mobile__default-btn uagb-block-50f87d31\"><div class=\"uagb-buttons__wrap uagb-buttons-layout-wrap\">\n<div class=\"wp-block-uagb-buttons-child uagb-buttons__outer-wrap uagb-block-80ccce5f wp-block-button\"><div class=\"uagb-button__wrapper\"><a class=\"uagb-buttons-repeater wp-block-button__link\" aria-label=\"\" href=\"https:\/\/www.muxwave.com\/de\/losungen\/glasvorhangfassade-2\/\" rel=\"follow noopener\" target=\"_self\" role=\"button\"><div class=\"uagb-button__link\">Mehr lesen<\/div><\/a><\/div><\/div>\n<\/div><\/div>\n<\/div>\n<\/div><\/div>\n\n\n\n<div class=\"wp-block-uagb-container uagb-block-202fbf52 alignfull uagb-is-root-container\"><div class=\"uagb-container-inner-blocks-wrap\">\n<div class=\"wp-block-uagb-container uagb-block-5d88f182\">\n<div class=\"wp-block-uagb-image uagb-block-fcd2d043 wp-block-uagb-image--layout-default wp-block-uagb-image--effect-static wp-block-uagb-image--align-none\"><figure class=\"wp-block-uagb-image__figure\"><a class=\"\" href=\"https:\/\/www.muxwave.com\/de\/losungen\/messe-showroom\/\" target=\"\" rel=\"noopener\"><img decoding=\"async\" srcset=\"https:\/\/www.muxwave.com\/wp-content\/uploads\/2025\/09\/3-Exhibition-Halls-Showrooms.webp ,https:\/\/www.muxwave.com\/wp-content\/uploads\/2025\/09\/3-Exhibition-Halls-Showrooms.webp 780w, https:\/\/www.muxwave.com\/wp-content\/uploads\/2025\/09\/3-Exhibition-Halls-Showrooms.webp 360w\" sizes=\"auto, (max-width: 480px) 150px\" src=\"https:\/\/www.muxwave.com\/wp-content\/uploads\/2025\/09\/3-Exhibition-Halls-Showrooms.webp\" alt=\"\" class=\"uag-image-7076\" width=\"680\" height=\"383\" title=\"3-Ausstellungshallen-&amp;Schaur\u00e4ume\" loading=\"lazy\" role=\"img\"><\/a><\/figure><\/div>\n<\/div>\n\n\n\n<div class=\"wp-block-uagb-container uagb-block-b0ef1862\">\n<div class=\"wp-block-uagb-advanced-heading uagb-block-3de04150\"><h2 class=\"uagb-heading-text\"><a href=\"https:\/\/www.muxwave.com\/de\/losungen\/messe-showroom\/\">Messehallen und Ausstellungsr\u00e4ume<\/a><\/h2><\/div>\n\n\n\n<div class=\"wp-block-uagb-advanced-heading uagb-block-84a30074\"><p class=\"uagb-heading-text\">Mit der Unterst\u00fctzung digitaler und neuer Medientechnologien sind Ausstellungshallen und Showrooms nicht l\u00e4nger statische Displays, sondern entwickeln sich zu multifunktionalen R\u00e4umen f\u00fcr immersive Erfahrungen und kulturellen Austausch. Das Aufkommen transparenter Display-Technologien f\u00fchrt zu neuen Pr\u00e4sentationsformen und Mehrwerten.<\/p><\/div>\n\n\n\n<div class=\"wp-block-uagb-buttons uagb-buttons__outer-wrap uagb-btn__default-btn uagb-btn-tablet__default-btn uagb-btn-mobile__default-btn uagb-block-f663319b\"><div class=\"uagb-buttons__wrap uagb-buttons-layout-wrap\">\n<div class=\"wp-block-uagb-buttons-child uagb-buttons__outer-wrap uagb-block-0ff70945 wp-block-button\"><div class=\"uagb-button__wrapper\"><a class=\"uagb-buttons-repeater wp-block-button__link\" aria-label=\"\" href=\"https:\/\/www.muxwave.com\/de\/losungen\/messe-showroom\/\" rel=\"follow noopener\" target=\"_self\" role=\"button\"><div class=\"uagb-button__link\">Mehr lesen<\/div><\/a><\/div><\/div>\n<\/div><\/div>\n<\/div>\n<\/div><\/div>\n\n\n\n<div class=\"wp-block-uagb-container uagb-block-e21104bc alignfull uagb-is-root-container\"><div class=\"uagb-container-inner-blocks-wrap\">\n<div class=\"wp-block-uagb-container uagb-block-1708f87c\">\n<div class=\"wp-block-uagb-image uagb-block-c7d8f1ff wp-block-uagb-image--layout-default wp-block-uagb-image--effect-static wp-block-uagb-image--align-none\"><figure class=\"wp-block-uagb-image__figure\"><a class=\"\" href=\"https:\/\/www.muxwave.com\/de\/losungen\/kommerzieller-lichthof-2\/\" target=\"\" rel=\"noopener\"><img decoding=\"async\" srcset=\"https:\/\/www.muxwave.com\/wp-content\/uploads\/2025\/09\/4-Commercial-Atriums.webp ,https:\/\/www.muxwave.com\/wp-content\/uploads\/2025\/09\/4-Commercial-Atriums.webp 780w, https:\/\/www.muxwave.com\/wp-content\/uploads\/2025\/09\/4-Commercial-Atriums.webp 360w\" sizes=\"auto, (max-width: 480px) 150px\" src=\"https:\/\/www.muxwave.com\/wp-content\/uploads\/2025\/09\/4-Commercial-Atriums.webp\" alt=\"\" class=\"uag-image-7071\" width=\"680\" height=\"383\" title=\"4-Gewerbliche-Trib\u00fcnen\" loading=\"lazy\" role=\"img\"><\/a><\/figure><\/div>\n<\/div>\n\n\n\n<div class=\"wp-block-uagb-container uagb-block-8ce6a173\">\n<div class=\"wp-block-uagb-advanced-heading uagb-block-93a4904e\"><h2 class=\"uagb-heading-text\"><a href=\"https:\/\/www.muxwave.com\/de\/losungen\/kommerzieller-lichthof-2\/\">Kommerzielle Atrien<\/a><\/h2><\/div>\n\n\n\n<div class=\"wp-block-uagb-advanced-heading uagb-block-e17f4581\"><p class=\"uagb-heading-text\">Als zentraler Funktionsbereich von Gesch\u00e4ftsr\u00e4umen dienen Atrien sowohl als visueller Mittelpunkt als auch als Motor f\u00fcr den kommerziellen Wert und bieten hochinteressante Werbem\u00f6glichkeiten.<\/p><\/div>\n\n\n\n<div class=\"wp-block-uagb-buttons uagb-buttons__outer-wrap uagb-btn__default-btn uagb-btn-tablet__default-btn uagb-btn-mobile__default-btn uagb-block-6d8a5a7b\"><div class=\"uagb-buttons__wrap uagb-buttons-layout-wrap\">\n<div class=\"wp-block-uagb-buttons-child uagb-buttons__outer-wrap uagb-block-828860a1 wp-block-button\"><div class=\"uagb-button__wrapper\"><a class=\"uagb-buttons-repeater wp-block-button__link\" aria-label=\"\" href=\"https:\/\/www.muxwave.com\/de\/losungen\/kommerzieller-lichthof-2\/\" rel=\"follow noopener\" target=\"_self\" role=\"button\"><div class=\"uagb-button__link\">Mehr lesen<\/div><\/a><\/div><\/div>\n<\/div><\/div>\n<\/div>\n<\/div><\/div>\n\n\n\n<div class=\"wp-block-uagb-container uagb-block-3bb67ef2 alignfull uagb-is-root-container\"><div class=\"uagb-container-inner-blocks-wrap\">\n<div class=\"wp-block-uagb-container uagb-block-e0ea1a18\">\n<div class=\"wp-block-uagb-image uagb-block-f3b18a1b wp-block-uagb-image--layout-default wp-block-uagb-image--effect-static wp-block-uagb-image--align-none\"><figure class=\"wp-block-uagb-image__figure\"><a class=\"\" href=\"https:\/\/www.muxwave.com\/de\/losungen\/glasbalustrade-2\/\" target=\"\" rel=\"noopener\"><img decoding=\"async\" srcset=\"https:\/\/www.muxwave.com\/wp-content\/uploads\/2025\/09\/4-Glass-Curtain-Walls.webp ,https:\/\/www.muxwave.com\/wp-content\/uploads\/2025\/09\/4-Glass-Curtain-Walls.webp 780w, https:\/\/www.muxwave.com\/wp-content\/uploads\/2025\/09\/4-Glass-Curtain-Walls.webp 360w\" sizes=\"auto, (max-width: 480px) 150px\" src=\"https:\/\/www.muxwave.com\/wp-content\/uploads\/2025\/09\/4-Glass-Curtain-Walls.webp\" alt=\"\" class=\"uag-image-7072\" width=\"680\" height=\"383\" title=\"4-Glas-Vorhang-W\u00e4nde\" loading=\"lazy\" role=\"img\"><\/a><\/figure><\/div>\n<\/div>\n\n\n\n<div class=\"wp-block-uagb-container uagb-block-211e85e3\">\n<div class=\"wp-block-uagb-advanced-heading uagb-block-1a4b00b8\"><h2 class=\"uagb-heading-text\"><a href=\"https:\/\/www.muxwave.com\/de\/losungen\/glasbalustrade-2\/\">Glasbalustraden<\/a><\/h2><\/div>\n\n\n\n<div class=\"wp-block-uagb-advanced-heading uagb-block-3e9d8d27\"><p class=\"uagb-heading-text\">Mit seinem hochtransparenten, unsichtbaren Display l\u00e4sst sich Muxwave nahtlos in Glasbalustraden integrieren, ohne die Sicht zu behindern. Durch die Darstellung von Informationen, Texten und visuellen Designs verbessert es das Raumerlebnis und erf\u00fcllt gleichzeitig die Transparenz- und Sicherheitsanforderungen f\u00fcr Glasbalustraden.<\/p><\/div>\n\n\n\n<div class=\"wp-block-uagb-buttons uagb-buttons__outer-wrap uagb-btn__default-btn uagb-btn-tablet__default-btn uagb-btn-mobile__default-btn uagb-block-686757b0\"><div class=\"uagb-buttons__wrap uagb-buttons-layout-wrap\">\n<div class=\"wp-block-uagb-buttons-child uagb-buttons__outer-wrap uagb-block-3af4045f wp-block-button\"><div class=\"uagb-button__wrapper\"><a class=\"uagb-buttons-repeater wp-block-button__link\" aria-label=\"\" href=\"https:\/\/www.muxwave.com\/de\/losungen\/glasbalustrade-2\/\" rel=\"follow noopener\" target=\"_self\" role=\"button\"><div class=\"uagb-button__link\">Mehr lesen<\/div><\/a><\/div><\/div>\n<\/div><\/div>\n<\/div>\n<\/div><\/div>\n\n\n\n<div class=\"wp-block-uagb-container uagb-block-2dd35a65 alignfull uagb-is-root-container\"><div class=\"uagb-container-inner-blocks-wrap\">\n<div class=\"wp-block-uagb-container uagb-block-53ef33e2\">\n<div class=\"wp-block-uagb-image uagb-block-8c0a90d2 wp-block-uagb-image--layout-default wp-block-uagb-image--effect-static wp-block-uagb-image--align-none\"><figure class=\"wp-block-uagb-image__figure\"><a class=\"\" href=\"https:\/\/www.muxwave.com\/de\/losungen\/mietinszenierung-2\/\" target=\"\" rel=\"noopener\"><img decoding=\"async\" srcset=\"https:\/\/www.muxwave.com\/wp-content\/uploads\/2025\/09\/6-Rental-Staging.webp ,https:\/\/www.muxwave.com\/wp-content\/uploads\/2025\/09\/6-Rental-Staging.webp 780w, https:\/\/www.muxwave.com\/wp-content\/uploads\/2025\/09\/6-Rental-Staging.webp 360w\" sizes=\"auto, (max-width: 480px) 150px\" src=\"https:\/\/www.muxwave.com\/wp-content\/uploads\/2025\/09\/6-Rental-Staging.webp\" alt=\"\" class=\"uag-image-7082\" width=\"680\" height=\"383\" title=\"6-Vermietung-&amp;-Staging\" loading=\"lazy\" role=\"img\"><\/a><\/figure><\/div>\n<\/div>\n\n\n\n<div class=\"wp-block-uagb-container uagb-block-c1699d42\">\n<div class=\"wp-block-uagb-advanced-heading uagb-block-db36c773\"><h2 class=\"uagb-heading-text\"><a href=\"https:\/\/www.muxwave.com\/de\/losungen\/mietinszenierung-2\/\">Vermietung &amp; Inszenierung<\/a><\/h2><\/div>\n\n\n\n<div class=\"wp-block-uagb-advanced-heading uagb-block-fe120c2f\"><p class=\"uagb-heading-text\">Muxwave Holographic Invisible Screen zeichnet sich durch ein leichtes Design und ein innovatives Schnellinstallationssystem aus, das die Aufbauzeit drastisch reduziert und gleichzeitig eine hohe Helligkeit gew\u00e4hrleistet. Sie erf\u00fcllt perfekt die vielf\u00e4ltigen Anforderungen des B\u00fchnen- und Live-Event-Marktes.<\/p><\/div>\n\n\n\n<div class=\"wp-block-uagb-buttons uagb-buttons__outer-wrap uagb-btn__default-btn uagb-btn-tablet__default-btn uagb-btn-mobile__default-btn uagb-block-58d7b7b5\"><div class=\"uagb-buttons__wrap uagb-buttons-layout-wrap\">\n<div class=\"wp-block-uagb-buttons-child uagb-buttons__outer-wrap uagb-block-ae942336 wp-block-button\"><div class=\"uagb-button__wrapper\"><a class=\"uagb-buttons-repeater wp-block-button__link\" aria-label=\"\" href=\"https:\/\/www.muxwave.com\/de\/losungen\/mietinszenierung-2\/\" rel=\"follow noopener\" target=\"_self\" role=\"button\"><div class=\"uagb-button__link\">Mehr lesen<\/div><\/a><\/div><\/div>\n<\/div><\/div>\n<\/div>\n<\/div><\/div>","protected":false},"excerpt":{"rendered":"<p>Transparent LED Display Solutions MUXWAVE\u2019s holographic invisible screen is an [&hellip;]<\/p>\n","protected":false},"author":1,"featured_media":0,"parent":0,"menu_order":0,"comment_status":"closed","ping_status":"closed","template":"","meta":{"_uag_custom_page_level_css":"","site-sidebar-layout":"default","site-content-layout":"","ast-site-content-layout":"default","site-content-style":"default","site-sidebar-style":"default","ast-global-header-display":"","ast-banner-title-visibility":"","ast-main-header-display":"","ast-hfb-above-header-display":"","ast-hfb-below-header-display":"","ast-hfb-mobile-header-display":"","site-post-title":"disabled","ast-breadcrumbs-content":"disabled","ast-featured-img":"","footer-sml-layout":"","ast-disable-related-posts":"","theme-transparent-header-meta":"disabled","adv-header-id-meta":"","stick-header-meta":"","header-above-stick-meta":"","header-main-stick-meta":"","header-below-stick-meta":"","astra-migrate-meta-layouts":"default","ast-page-background-enabled":"default","ast-page-background-meta":{"desktop":{"background-color":"var(--ast-global-color-5)","background-image":"","background-repeat":"repeat","background-position":"center center","background-size":"auto","background-attachment":"scroll","background-type":"","background-media":"","overlay-type":"","overlay-color":"","overlay-opacity":"","overlay-gradient":""},"tablet":{"background-color":"","background-image":"","background-repeat":"repeat","background-position":"center center","background-size":"auto","background-attachment":"scroll","background-type":"","background-media":"","overlay-type":"","overlay-color":"","overlay-opacity":"","overlay-gradient":""},"mobile":{"background-color":"","background-image":"","background-repeat":"repeat","background-position":"center center","background-size":"auto","background-attachment":"scroll","background-type":"","background-media":"","overlay-type":"","overlay-color":"","overlay-opacity":"","overlay-gradient":""}},"ast-content-background-meta":{"desktop":{"background-color":"var(--ast-global-color-4)","background-image":"","background-repeat":"repeat","background-position":"center center","background-size":"auto","background-attachment":"scroll","background-type":"","background-media":"","overlay-type":"","overlay-color":"","overlay-opacity":"","overlay-gradient":""},"tablet":{"background-color":"var(--ast-global-color-4)","background-image":"","background-repeat":"repeat","background-position":"center center","background-size":"auto","background-attachment":"scroll","background-type":"","background-media":"","overlay-type":"","overlay-color":"","overlay-opacity":"","overlay-gradient":""},"mobile":{"background-color":"var(--ast-global-color-4)","background-image":"","background-repeat":"repeat","background-position":"center center","background-size":"auto","background-attachment":"scroll","background-type":"","background-media":"","overlay-type":"","overlay-color":"","overlay-opacity":"","overlay-gradient":""}},"footnotes":""},"class_list":["post-1110","page","type-page","status-publish","hentry"],"spectra_custom_meta":{"_edit_lock":["1760582328:1"],"_uag_custom_page_level_css":[""],"site-sidebar-layout":["default"],"site-content-layout":[""],"ast-site-content-layout":["default"],"site-content-style":["default"],"site-sidebar-style":["default"],"ast-global-header-display":[""],"ast-banner-title-visibility":[""],"ast-main-header-display":[""],"ast-hfb-above-header-display":[""],"ast-hfb-below-header-display":[""],"ast-hfb-mobile-header-display":[""],"site-post-title":["disabled"],"ast-breadcrumbs-content":["disabled"],"ast-featured-img":[""],"footer-sml-layout":[""],"theme-transparent-header-meta":["disabled"],"adv-header-id-meta":[""],"stick-header-meta":[""],"header-above-stick-meta":[""],"header-main-stick-meta":[""],"header-below-stick-meta":[""],"astra-migrate-meta-layouts":["default"],"ast-page-background-enabled":["default"],"ast-page-background-meta":["a:3:{s:7:\"desktop\";a:12:{s:16:\"background-color\";s:25:\"var(--ast-global-color-5)\";s:16:\"background-image\";s:0:\"\";s:17:\"background-repeat\";s:6:\"repeat\";s:19:\"background-position\";s:13:\"center center\";s:15:\"background-size\";s:4:\"auto\";s:21:\"background-attachment\";s:6:\"scroll\";s:15:\"background-type\";s:0:\"\";s:16:\"background-media\";s:0:\"\";s:12:\"overlay-type\";s:0:\"\";s:13:\"overlay-color\";s:0:\"\";s:15:\"overlay-opacity\";s:0:\"\";s:16:\"overlay-gradient\";s:0:\"\";}s:6:\"tablet\";a:12:{s:16:\"background-color\";s:0:\"\";s:16:\"background-image\";s:0:\"\";s:17:\"background-repeat\";s:6:\"repeat\";s:19:\"background-position\";s:13:\"center center\";s:15:\"background-size\";s:4:\"auto\";s:21:\"background-attachment\";s:6:\"scroll\";s:15:\"background-type\";s:0:\"\";s:16:\"background-media\";s:0:\"\";s:12:\"overlay-type\";s:0:\"\";s:13:\"overlay-color\";s:0:\"\";s:15:\"overlay-opacity\";s:0:\"\";s:16:\"overlay-gradient\";s:0:\"\";}s:6:\"mobile\";a:12:{s:16:\"background-color\";s:0:\"\";s:16:\"background-image\";s:0:\"\";s:17:\"background-repeat\";s:6:\"repeat\";s:19:\"background-position\";s:13:\"center center\";s:15:\"background-size\";s:4:\"auto\";s:21:\"background-attachment\";s:6:\"scroll\";s:15:\"background-type\";s:0:\"\";s:16:\"background-media\";s:0:\"\";s:12:\"overlay-type\";s:0:\"\";s:13:\"overlay-color\";s:0:\"\";s:15:\"overlay-opacity\";s:0:\"\";s:16:\"overlay-gradient\";s:0:\"\";}}"],"ast-content-background-meta":["a:3:{s:7:\"desktop\";a:12:{s:16:\"background-color\";s:25:\"var(--ast-global-color-4)\";s:16:\"background-image\";s:0:\"\";s:17:\"background-repeat\";s:6:\"repeat\";s:19:\"background-position\";s:13:\"center center\";s:15:\"background-size\";s:4:\"auto\";s:21:\"background-attachment\";s:6:\"scroll\";s:15:\"background-type\";s:0:\"\";s:16:\"background-media\";s:0:\"\";s:12:\"overlay-type\";s:0:\"\";s:13:\"overlay-color\";s:0:\"\";s:15:\"overlay-opacity\";s:0:\"\";s:16:\"overlay-gradient\";s:0:\"\";}s:6:\"tablet\";a:12:{s:16:\"background-color\";s:25:\"var(--ast-global-color-4)\";s:16:\"background-image\";s:0:\"\";s:17:\"background-repeat\";s:6:\"repeat\";s:19:\"background-position\";s:13:\"center center\";s:15:\"background-size\";s:4:\"auto\";s:21:\"background-attachment\";s:6:\"scroll\";s:15:\"background-type\";s:0:\"\";s:16:\"background-media\";s:0:\"\";s:12:\"overlay-type\";s:0:\"\";s:13:\"overlay-color\";s:0:\"\";s:15:\"overlay-opacity\";s:0:\"\";s:16:\"overlay-gradient\";s:0:\"\";}s:6:\"mobile\";a:12:{s:16:\"background-color\";s:25:\"var(--ast-global-color-4)\";s:16:\"background-image\";s:0:\"\";s:17:\"background-repeat\";s:6:\"repeat\";s:19:\"background-position\";s:13:\"center center\";s:15:\"background-size\";s:4:\"auto\";s:21:\"background-attachment\";s:6:\"scroll\";s:15:\"background-type\";s:0:\"\";s:16:\"background-media\";s:0:\"\";s:12:\"overlay-type\";s:0:\"\";s:13:\"overlay-color\";s:0:\"\";s:15:\"overlay-opacity\";s:0:\"\";s:16:\"overlay-gradient\";s:0:\"\";}}"],"footnotes":[""],"_edit_last":["1"],"rank_math_og_content_image":["a:2:{s:5:\"check\";s:32:\"15b93a416d43576cb26caa29e0b60c3f\";s:6:\"images\";a:1:{i:0;i:7063;}}"],"rank_math_seo_score":["24"],"rank_math_internal_links_processed":["1"],"astra_style_timestamp_css":["1775739993"],"_uagb_previous_block_counts":["a:90:{s:21:\"uagb\/advanced-heading\";i:13;s:15:\"uagb\/blockquote\";i:0;s:12:\"uagb\/buttons\";i:6;s:18:\"uagb\/buttons-child\";i:6;s:19:\"uagb\/call-to-action\";i:0;s:15:\"uagb\/cf7-styler\";i:0;s:11:\"uagb\/column\";i:0;s:12:\"uagb\/columns\";i:0;s:14:\"uagb\/container\";i:19;s:21:\"uagb\/content-timeline\";i:0;s:27:\"uagb\/content-timeline-child\";i:0;s:14:\"uagb\/countdown\";i:0;s:12:\"uagb\/counter\";i:0;s:8:\"uagb\/faq\";i:0;s:14:\"uagb\/faq-child\";i:0;s:10:\"uagb\/forms\";i:0;s:17:\"uagb\/forms-accept\";i:0;s:19:\"uagb\/forms-checkbox\";i:0;s:15:\"uagb\/forms-date\";i:0;s:16:\"uagb\/forms-email\";i:0;s:17:\"uagb\/forms-hidden\";i:0;s:15:\"uagb\/forms-name\";i:0;s:16:\"uagb\/forms-phone\";i:0;s:16:\"uagb\/forms-radio\";i:0;s:17:\"uagb\/forms-select\";i:0;s:19:\"uagb\/forms-textarea\";i:0;s:17:\"uagb\/forms-toggle\";i:0;s:14:\"uagb\/forms-url\";i:0;s:14:\"uagb\/gf-styler\";i:0;s:15:\"uagb\/google-map\";i:0;s:11:\"uagb\/how-to\";i:0;s:16:\"uagb\/how-to-step\";i:0;s:9:\"uagb\/icon\";i:0;s:14:\"uagb\/icon-list\";i:0;s:20:\"uagb\/icon-list-child\";i:0;s:10:\"uagb\/image\";i:6;s:18:\"uagb\/image-gallery\";i:0;s:13:\"uagb\/info-box\";i:0;s:18:\"uagb\/inline-notice\";i:0;s:11:\"uagb\/lottie\";i:0;s:21:\"uagb\/marketing-button\";i:0;s:10:\"uagb\/modal\";i:0;s:18:\"uagb\/popup-builder\";i:0;s:16:\"uagb\/post-button\";i:0;s:18:\"uagb\/post-carousel\";i:0;s:17:\"uagb\/post-excerpt\";i:0;s:14:\"uagb\/post-grid\";i:0;s:15:\"uagb\/post-image\";i:0;s:17:\"uagb\/post-masonry\";i:0;s:14:\"uagb\/post-meta\";i:0;s:18:\"uagb\/post-taxonomy\";i:0;s:18:\"uagb\/post-timeline\";i:0;s:15:\"uagb\/post-title\";i:0;s:20:\"uagb\/restaurant-menu\";i:0;s:26:\"uagb\/restaurant-menu-child\";i:0;s:11:\"uagb\/review\";i:0;s:12:\"uagb\/section\";i:0;s:14:\"uagb\/separator\";i:0;s:11:\"uagb\/slider\";i:0;s:17:\"uagb\/slider-child\";i:0;s:17:\"uagb\/social-share\";i:0;s:23:\"uagb\/social-share-child\";i:0;s:16:\"uagb\/star-rating\";i:0;s:23:\"uagb\/sure-cart-checkout\";i:0;s:22:\"uagb\/sure-cart-product\";i:0;s:15:\"uagb\/sure-forms\";i:0;s:22:\"uagb\/table-of-contents\";i:0;s:9:\"uagb\/tabs\";i:0;s:15:\"uagb\/tabs-child\";i:0;s:18:\"uagb\/taxonomy-list\";i:0;s:9:\"uagb\/team\";i:0;s:16:\"uagb\/testimonial\";i:0;s:14:\"uagb\/wp-search\";i:0;s:19:\"uagb\/instagram-feed\";i:0;s:10:\"uagb\/login\";i:0;s:17:\"uagb\/loop-builder\";i:0;s:18:\"uagb\/loop-category\";i:0;s:20:\"uagb\/loop-pagination\";i:0;s:15:\"uagb\/loop-reset\";i:0;s:16:\"uagb\/loop-search\";i:0;s:14:\"uagb\/loop-sort\";i:0;s:17:\"uagb\/loop-wrapper\";i:0;s:13:\"uagb\/register\";i:0;s:19:\"uagb\/register-email\";i:0;s:24:\"uagb\/register-first-name\";i:0;s:23:\"uagb\/register-last-name\";i:0;s:22:\"uagb\/register-password\";i:0;s:30:\"uagb\/register-reenter-password\";i:0;s:19:\"uagb\/register-terms\";i:0;s:22:\"uagb\/register-username\";i:0;}"],"_uagb_last_spectra_edit":["1770257320"],"_uag_css_file_name":["uag-css-1110.css"],"_uag_js_file_name":["uag-js-1110.js"],"litespeed_vpi_list_mobile":["a:2:{i:0;s:16:\"MUXWAVE-LOGO.svg\";i:1;s:23:\"1-Store-Window-Displays\";}"],"litespeed_vpi_list":["a:2:{i:0;s:16:\"MUXWAVE-LOGO.svg\";i:1;s:23:\"1-Store-Window-Displays\";}"]},"uagb_featured_image_src":{"full":false,"thumbnail":false,"medium":false,"medium_large":false,"large":false,"1536x1536":false,"2048x2048":false,"trp-custom-language-flag":false},"uagb_author_info":{"display_name":"MUXWAVE","author_link":"https:\/\/www.muxwave.com\/de\/author\/e5noyep\/"},"uagb_comment_info":0,"uagb_excerpt":"Transparent LED Display Solutions MUXWAVE\u2019s holographic invisible screen is an [&hellip;]","_links":{"self":[{"href":"https:\/\/www.muxwave.com\/de\/wp-json\/wp\/v2\/pages\/1110","targetHints":{"allow":["GET"]}}],"collection":[{"href":"https:\/\/www.muxwave.com\/de\/wp-json\/wp\/v2\/pages"}],"about":[{"href":"https:\/\/www.muxwave.com\/de\/wp-json\/wp\/v2\/types\/page"}],"author":[{"embeddable":true,"href":"https:\/\/www.muxwave.com\/de\/wp-json\/wp\/v2\/users\/1"}],"replies":[{"embeddable":true,"href":"https:\/\/www.muxwave.com\/de\/wp-json\/wp\/v2\/comments?post=1110"}],"version-history":[{"count":0,"href":"https:\/\/www.muxwave.com\/de\/wp-json\/wp\/v2\/pages\/1110\/revisions"}],"wp:attachment":[{"href":"https:\/\/www.muxwave.com\/de\/wp-json\/wp\/v2\/media?parent=1110"}],"curies":[{"name":"wp","href":"https:\/\/api.w.org\/{rel}","templated":true}]}}