{"id":35,"date":"2025-07-24T09:02:07","date_gmt":"2025-07-24T09:02:07","guid":{"rendered":"http:\/\/www.mxwtest.com\/shop\/"},"modified":"2025-09-29T15:13:05","modified_gmt":"2025-09-29T07:13:05","slug":"producto","status":"publish","type":"page","link":"https:\/\/www.muxwave.com\/es\/product\/","title":{"rendered":"PRODUCTO"},"content":{"rendered":"<div class=\"wp-block-uagb-container uagb-block-33c5c01d alignfull uagb-is-root-container\"><div class=\"uagb-container-inner-blocks-wrap\">\n<div class=\"wp-block-uagb-advanced-heading uagb-block-fce6488c\"><h1 class=\"uagb-heading-text\">Producto<\/h1><p class=\"uagb-desc-text\">La pantalla hologr\u00e1fica invisible MUXWAVE ofrece una calidad de imagen ultra alta con un aspecto realmente invisible. Al ser la primera soluci\u00f3n LED transparente de gran formato del mundo con una estructura sin juntas, ofrece transparencia en toda la pantalla y un brillo excepcional para una visualizaci\u00f3n v\u00edvida y de alta definici\u00f3n.<\/p><\/div>\n<\/div><\/div>\n\n\n\n<div class=\"wp-block-uagb-container uagb-block-89aa2816 alignfull uagb-is-root-container\"><div class=\"uagb-container-inner-blocks-wrap\">\n<div class=\"wp-block-uagb-container uagb-block-a40088a0\">\n<div class=\"wp-block-uagb-image uagb-block-8482fa94 wp-block-uagb-image--layout-default wp-block-uagb-image--effect-static wp-block-uagb-image--align-none\"><figure class=\"wp-block-uagb-image__figure\"><a class=\"\" href=\"https:\/\/www.muxwave.com\/es\/producto\/serie-a\/\" target=\"\" rel=\"noopener\"><img decoding=\"async\" srcset=\"https:\/\/www.muxwave.com\/wp-content\/uploads\/2025\/09\/a-series-02.webp ,https:\/\/www.muxwave.com\/wp-content\/uploads\/2025\/09\/a-series-02.webp 780w, https:\/\/www.muxwave.com\/wp-content\/uploads\/2025\/09\/a-series-02.webp 360w\" sizes=\"auto, (max-width: 480px) 150px\" src=\"https:\/\/www.muxwave.com\/wp-content\/uploads\/2025\/09\/a-series-02.webp\" alt=\"Serie A - Pantalla LED todo en uno\" class=\"uag-image-6148\" width=\"680\" height=\"394\" title=\"serie a-02\" loading=\"lazy\" role=\"img\"\/><\/a><\/figure><\/div>\n<\/div>\n\n\n\n<div class=\"wp-block-uagb-container uagb-block-b3fc175c\">\n<div class=\"wp-block-uagb-advanced-heading uagb-block-2255c980\"><h2 class=\"uagb-heading-text\"><a href=\"https:\/\/www.muxwave.com\/es\/producto\/serie-a\/\">Serie A - Pantalla LED todo en uno<\/a><\/h2><p class=\"uagb-desc-text\">Unidad est\u00e1ndar todo en uno con una pantalla delgada y ligera y un dise\u00f1o elegante, compatible con m\u00faltiples m\u00e9todos de instalaci\u00f3n.<\/p><\/div>\n<\/div>\n<\/div><\/div>\n\n\n\n<div class=\"wp-block-uagb-container uagb-block-4f4270c3 alignfull uagb-is-root-container\"><div class=\"uagb-container-inner-blocks-wrap\">\n<div class=\"wp-block-uagb-container uagb-block-3d4c0380\">\n<div class=\"wp-block-uagb-image uagb-block-c8b7336d wp-block-uagb-image--layout-default wp-block-uagb-image--effect-static wp-block-uagb-image--align-none\"><figure class=\"wp-block-uagb-image__figure\"><img decoding=\"async\" srcset=\"https:\/\/www.muxwave.com\/wp-content\/uploads\/2025\/09\/2-M-Series-LED-Screen-Panels_-1.jpg ,https:\/\/www.muxwave.com\/wp-content\/uploads\/2025\/09\/2-M-Series-LED-Screen-Panels_-1.jpg 780w, https:\/\/www.muxwave.com\/wp-content\/uploads\/2025\/09\/2-M-Series-LED-Screen-Panels_-1.jpg 360w\" sizes=\"auto, (max-width: 480px) 150px\" src=\"https:\/\/www.muxwave.com\/wp-content\/uploads\/2025\/09\/2-M-Series-LED-Screen-Panels_-1.jpg\" alt=\"\" class=\"uag-image-7048\" width=\"680\" height=\"394\" title=\"2-M-Series---LED-Screen-Panels_\" loading=\"lazy\" role=\"img\"><\/figure><\/div>\n<\/div>\n\n\n\n<div class=\"wp-block-uagb-container uagb-block-2e8a6434\">\n<div class=\"wp-block-uagb-advanced-heading uagb-block-c403b2b6\"><h2 class=\"uagb-heading-text\"><a href=\"https:\/\/www.muxwave.com\/es\/producto\/serie-m\/\">Serie M - Paneles de pantalla LED<\/a><\/h2><p class=\"uagb-desc-text\">El m\u00f3dulo pesa s\u00f3lo 6 kg\/m\u00b2 y tiene un perfil delgado de 1,8 mm. Los m\u00f3dulos est\u00e1ndar admiten combinaciones de tama\u00f1o flexibles para un empalme sin juntas y son la opci\u00f3n preferida para el montaje directo en cristal, apto para aplicaciones de visualizaci\u00f3n a una o dos caras.<\/p><\/div>\n<\/div>\n<\/div><\/div>\n\n\n\n<div class=\"wp-block-uagb-container uagb-block-202fbf52 alignfull uagb-is-root-container\"><div class=\"uagb-container-inner-blocks-wrap\">\n<div class=\"wp-block-uagb-container uagb-block-5d88f182\">\n<div class=\"wp-block-uagb-image uagb-block-fcd2d043 wp-block-uagb-image--layout-default wp-block-uagb-image--effect-static wp-block-uagb-image--align-none\"><figure class=\"wp-block-uagb-image__figure\"><img decoding=\"async\" srcset=\"https:\/\/www.muxwave.com\/wp-content\/uploads\/2025\/09\/3-P-Series-LED-Poster_-2.jpg ,https:\/\/www.muxwave.com\/wp-content\/uploads\/2025\/09\/3-P-Series-LED-Poster_-2.jpg 780w, https:\/\/www.muxwave.com\/wp-content\/uploads\/2025\/09\/3-P-Series-LED-Poster_-2.jpg 360w\" sizes=\"auto, (max-width: 480px) 150px\" src=\"https:\/\/www.muxwave.com\/wp-content\/uploads\/2025\/09\/3-P-Series-LED-Poster_-2.jpg\" alt=\"\" class=\"uag-image-7038\" width=\"680\" height=\"394\" title=\"3-P Series-LED Poster_\" loading=\"lazy\" role=\"img\"><\/figure><\/div>\n<\/div>\n\n\n\n<div class=\"wp-block-uagb-container uagb-block-b0ef1862\">\n<div class=\"wp-block-uagb-advanced-heading uagb-block-3de04150\"><h2 class=\"uagb-heading-text\"><a href=\"https:\/\/www.muxwave.com\/es\/producto\/serie-p\/\">Serie P - Cartel LED<\/a><\/h2><p class=\"uagb-desc-text\">Dise\u00f1o de tres lados sin marco con una construcci\u00f3n est\u00e1ndar todo en uno. Funcionamiento plug-and-play real -s\u00f3lo requiere un cable de alimentaci\u00f3n- permite una instalaci\u00f3n flexible y admite m\u00faltiples opciones de tama\u00f1o. <\/p><\/div>\n<\/div>\n<\/div><\/div>\n\n\n\n<div class=\"wp-block-uagb-container uagb-block-52f6bd7d alignfull uagb-is-root-container\"><div class=\"uagb-container-inner-blocks-wrap\">\n<div class=\"wp-block-uagb-container uagb-block-809ee433\">\n<div class=\"wp-block-uagb-image uagb-block-5555a1ef wp-block-uagb-image--layout-default wp-block-uagb-image--effect-static wp-block-uagb-image--align-none\"><figure class=\"wp-block-uagb-image__figure\"><a class=\"\" href=\"https:\/\/www.muxwave.com\/es\/producto\/serie-f\/\" target=\"\" rel=\"noopener\"><img decoding=\"async\" srcset=\"https:\/\/www.muxwave.com\/wp-content\/uploads\/2025\/09\/hoisting-transparent-led-screen-adv-1.webp ,https:\/\/www.muxwave.com\/wp-content\/uploads\/2025\/09\/hoisting-transparent-led-screen-adv-1.webp 780w, https:\/\/www.muxwave.com\/wp-content\/uploads\/2025\/09\/hoisting-transparent-led-screen-adv-1.webp 360w\" sizes=\"auto, (max-width: 480px) 150px\" src=\"https:\/\/www.muxwave.com\/wp-content\/uploads\/2025\/09\/hoisting-transparent-led-screen-adv-1.webp\" alt=\"Serie F - Pantalla LED colgante\" class=\"uag-image-6198\" width=\"680\" height=\"394\" title=\"elevador-pantalla-led-transparente-adv-1\" loading=\"lazy\" role=\"img\"\/><\/a><\/figure><\/div>\n<\/div>\n\n\n\n<div class=\"wp-block-uagb-container uagb-block-c3c59358\">\n<div class=\"wp-block-uagb-advanced-heading uagb-block-09802785\"><h2 class=\"uagb-heading-text\"><a href=\"https:\/\/www.muxwave.com\/es\/producto\/serie-f\/\">Serie F - Pantalla LED colgante<\/a><\/h2><p class=\"uagb-desc-text\">Estructura de montaje r\u00e1pido integrada para una instalaci\u00f3n r\u00e1pida, con m\u00f3dulos conectados por detr\u00e1s. Admite el montaje en \u00e1ngulo recto y es la opci\u00f3n preferida para instalaciones suspendidas.<\/p><\/div>\n<\/div>\n<\/div><\/div>\n\n\n\n<div class=\"wp-block-uagb-container uagb-block-e21104bc alignfull uagb-is-root-container\"><div class=\"uagb-container-inner-blocks-wrap\">\n<div class=\"wp-block-uagb-container uagb-block-1708f87c\">\n<div class=\"wp-block-uagb-image uagb-block-c7d8f1ff wp-block-uagb-image--layout-default wp-block-uagb-image--effect-static wp-block-uagb-image--align-none\"><figure class=\"wp-block-uagb-image__figure\"><img decoding=\"async\" srcset=\"https:\/\/www.muxwave.com\/wp-content\/uploads\/2025\/09\/5-S-Series-LED-Screen-Cabinet_.jpg ,https:\/\/www.muxwave.com\/wp-content\/uploads\/2025\/09\/5-S-Series-LED-Screen-Cabinet_.jpg 780w, https:\/\/www.muxwave.com\/wp-content\/uploads\/2025\/09\/5-S-Series-LED-Screen-Cabinet_.jpg 360w\" sizes=\"auto, (max-width: 480px) 150px\" src=\"https:\/\/www.muxwave.com\/wp-content\/uploads\/2025\/09\/5-S-Series-LED-Screen-Cabinet_.jpg\" alt=\"\" class=\"uag-image-7041\" width=\"680\" height=\"383\" title=\"Armario con pantalla LED Serie 5-S_\" loading=\"lazy\" role=\"img\"><\/figure><\/div>\n<\/div>\n\n\n\n<div class=\"wp-block-uagb-container uagb-block-8ce6a173\">\n<div class=\"wp-block-uagb-advanced-heading uagb-block-93a4904e\"><h2 class=\"uagb-heading-text\"><a href=\"https:\/\/www.muxwave.com\/es\/producto\/serie-s\/\">Serie S - Armario con pantalla LED<\/a><\/h2><p class=\"uagb-desc-text\">La estructura modular interna del armario permite un f\u00e1cil mantenimiento independiente. Dise\u00f1o ligero y flexible que se adapta a diversas configuraciones de muro cortina de cristal.<\/p><\/div>\n\n\n\n<div class=\"wp-block-uagb-advanced-heading uagb-block-e17f4581\"><\/div>\n<\/div>\n<\/div><\/div>","protected":false},"excerpt":{"rendered":"<p>Product MUXWAVE Holographic Invisible Screen delivers ultra-high image quality with [&hellip;]<\/p>\n","protected":false},"author":1,"featured_media":0,"parent":0,"menu_order":0,"comment_status":"closed","ping_status":"closed","template":"","meta":{"_uag_custom_page_level_css":"","site-sidebar-layout":"default","site-content-layout":"","ast-site-content-layout":"default","site-content-style":"default","site-sidebar-style":"default","ast-global-header-display":"","ast-banner-title-visibility":"","ast-main-header-display":"","ast-hfb-above-header-display":"","ast-hfb-below-header-display":"","ast-hfb-mobile-header-display":"","site-post-title":"disabled","ast-breadcrumbs-content":"disabled","ast-featured-img":"","footer-sml-layout":"","ast-disable-related-posts":"","theme-transparent-header-meta":"disabled","adv-header-id-meta":"","stick-header-meta":"","header-above-stick-meta":"","header-main-stick-meta":"","header-below-stick-meta":"","astra-migrate-meta-layouts":"default","ast-page-background-enabled":"default","ast-page-background-meta":{"desktop":{"background-color":"var(--ast-global-color-5)","background-image":"","background-repeat":"repeat","background-position":"center center","background-size":"auto","background-attachment":"scroll","background-type":"","background-media":"","overlay-type":"","overlay-color":"","overlay-opacity":"","overlay-gradient":""},"tablet":{"background-color":"","background-image":"","background-repeat":"repeat","background-position":"center center","background-size":"auto","background-attachment":"scroll","background-type":"","background-media":"","overlay-type":"","overlay-color":"","overlay-opacity":"","overlay-gradient":""},"mobile":{"background-color":"","background-image":"","background-repeat":"repeat","background-position":"center center","background-size":"auto","background-attachment":"scroll","background-type":"","background-media":"","overlay-type":"","overlay-color":"","overlay-opacity":"","overlay-gradient":""}},"ast-content-background-meta":{"desktop":{"background-color":"var(--ast-global-color-4)","background-image":"","background-repeat":"repeat","background-position":"center center","background-size":"auto","background-attachment":"scroll","background-type":"","background-media":"","overlay-type":"","overlay-color":"","overlay-opacity":"","overlay-gradient":""},"tablet":{"background-color":"var(--ast-global-color-4)","background-image":"","background-repeat":"repeat","background-position":"center center","background-size":"auto","background-attachment":"scroll","background-type":"","background-media":"","overlay-type":"","overlay-color":"","overlay-opacity":"","overlay-gradient":""},"mobile":{"background-color":"var(--ast-global-color-4)","background-image":"","background-repeat":"repeat","background-position":"center center","background-size":"auto","background-attachment":"scroll","background-type":"","background-media":"","overlay-type":"","overlay-color":"","overlay-opacity":"","overlay-gradient":""}},"footnotes":""},"class_list":["post-35","page","type-page","status-publish","hentry"],"spectra_custom_meta":{"_edit_lock":["1759130183:3"],"_uag_custom_page_level_css":[""],"site-sidebar-layout":["default"],"site-content-layout":[""],"ast-site-content-layout":["default"],"site-content-style":["default"],"site-sidebar-style":["default"],"ast-global-header-display":[""],"ast-banner-title-visibility":[""],"ast-main-header-display":[""],"ast-hfb-above-header-display":[""],"ast-hfb-below-header-display":[""],"ast-hfb-mobile-header-display":[""],"site-post-title":["disabled"],"ast-breadcrumbs-content":["disabled"],"ast-featured-img":[""],"footer-sml-layout":[""],"theme-transparent-header-meta":["disabled"],"adv-header-id-meta":[""],"stick-header-meta":[""],"header-above-stick-meta":[""],"header-main-stick-meta":[""],"header-below-stick-meta":[""],"astra-migrate-meta-layouts":["default"],"ast-page-background-enabled":["default"],"ast-page-background-meta":["a:3:{s:7:\"desktop\";a:12:{s:16:\"background-color\";s:25:\"var(--ast-global-color-5)\";s:16:\"background-image\";s:0:\"\";s:17:\"background-repeat\";s:6:\"repeat\";s:19:\"background-position\";s:13:\"center center\";s:15:\"background-size\";s:4:\"auto\";s:21:\"background-attachment\";s:6:\"scroll\";s:15:\"background-type\";s:0:\"\";s:16:\"background-media\";s:0:\"\";s:12:\"overlay-type\";s:0:\"\";s:13:\"overlay-color\";s:0:\"\";s:15:\"overlay-opacity\";s:0:\"\";s:16:\"overlay-gradient\";s:0:\"\";}s:6:\"tablet\";a:12:{s:16:\"background-color\";s:0:\"\";s:16:\"background-image\";s:0:\"\";s:17:\"background-repeat\";s:6:\"repeat\";s:19:\"background-position\";s:13:\"center center\";s:15:\"background-size\";s:4:\"auto\";s:21:\"background-attachment\";s:6:\"scroll\";s:15:\"background-type\";s:0:\"\";s:16:\"background-media\";s:0:\"\";s:12:\"overlay-type\";s:0:\"\";s:13:\"overlay-color\";s:0:\"\";s:15:\"overlay-opacity\";s:0:\"\";s:16:\"overlay-gradient\";s:0:\"\";}s:6:\"mobile\";a:12:{s:16:\"background-color\";s:0:\"\";s:16:\"background-image\";s:0:\"\";s:17:\"background-repeat\";s:6:\"repeat\";s:19:\"background-position\";s:13:\"center center\";s:15:\"background-size\";s:4:\"auto\";s:21:\"background-attachment\";s:6:\"scroll\";s:15:\"background-type\";s:0:\"\";s:16:\"background-media\";s:0:\"\";s:12:\"overlay-type\";s:0:\"\";s:13:\"overlay-color\";s:0:\"\";s:15:\"overlay-opacity\";s:0:\"\";s:16:\"overlay-gradient\";s:0:\"\";}}"],"ast-content-background-meta":["a:3:{s:7:\"desktop\";a:12:{s:16:\"background-color\";s:25:\"var(--ast-global-color-4)\";s:16:\"background-image\";s:0:\"\";s:17:\"background-repeat\";s:6:\"repeat\";s:19:\"background-position\";s:13:\"center center\";s:15:\"background-size\";s:4:\"auto\";s:21:\"background-attachment\";s:6:\"scroll\";s:15:\"background-type\";s:0:\"\";s:16:\"background-media\";s:0:\"\";s:12:\"overlay-type\";s:0:\"\";s:13:\"overlay-color\";s:0:\"\";s:15:\"overlay-opacity\";s:0:\"\";s:16:\"overlay-gradient\";s:0:\"\";}s:6:\"tablet\";a:12:{s:16:\"background-color\";s:25:\"var(--ast-global-color-4)\";s:16:\"background-image\";s:0:\"\";s:17:\"background-repeat\";s:6:\"repeat\";s:19:\"background-position\";s:13:\"center center\";s:15:\"background-size\";s:4:\"auto\";s:21:\"background-attachment\";s:6:\"scroll\";s:15:\"background-type\";s:0:\"\";s:16:\"background-media\";s:0:\"\";s:12:\"overlay-type\";s:0:\"\";s:13:\"overlay-color\";s:0:\"\";s:15:\"overlay-opacity\";s:0:\"\";s:16:\"overlay-gradient\";s:0:\"\";}s:6:\"mobile\";a:12:{s:16:\"background-color\";s:25:\"var(--ast-global-color-4)\";s:16:\"background-image\";s:0:\"\";s:17:\"background-repeat\";s:6:\"repeat\";s:19:\"background-position\";s:13:\"center center\";s:15:\"background-size\";s:4:\"auto\";s:21:\"background-attachment\";s:6:\"scroll\";s:15:\"background-type\";s:0:\"\";s:16:\"background-media\";s:0:\"\";s:12:\"overlay-type\";s:0:\"\";s:13:\"overlay-color\";s:0:\"\";s:15:\"overlay-opacity\";s:0:\"\";s:16:\"overlay-gradient\";s:0:\"\";}}"],"footnotes":[""],"_edit_last":["1"],"rank_math_og_content_image":["a:2:{s:5:\"check\";s:32:\"3f7ee4c78345c4678bcfd115fe9cdfda\";s:6:\"images\";a:1:{i:0;i:6148;}}"],"astra_style_timestamp_css":["1775728254"],"rank_math_internal_links_processed":["1"],"_uagb_previous_block_counts":["a:90:{s:21:\"uagb\/advanced-heading\";i:7;s:15:\"uagb\/blockquote\";i:0;s:12:\"uagb\/buttons\";i:0;s:18:\"uagb\/buttons-child\";i:0;s:19:\"uagb\/call-to-action\";i:0;s:15:\"uagb\/cf7-styler\";i:0;s:11:\"uagb\/column\";i:0;s:12:\"uagb\/columns\";i:0;s:14:\"uagb\/container\";i:16;s:21:\"uagb\/content-timeline\";i:0;s:27:\"uagb\/content-timeline-child\";i:0;s:14:\"uagb\/countdown\";i:0;s:12:\"uagb\/counter\";i:0;s:8:\"uagb\/faq\";i:0;s:14:\"uagb\/faq-child\";i:0;s:10:\"uagb\/forms\";i:0;s:17:\"uagb\/forms-accept\";i:0;s:19:\"uagb\/forms-checkbox\";i:0;s:15:\"uagb\/forms-date\";i:0;s:16:\"uagb\/forms-email\";i:0;s:17:\"uagb\/forms-hidden\";i:0;s:15:\"uagb\/forms-name\";i:0;s:16:\"uagb\/forms-phone\";i:0;s:16:\"uagb\/forms-radio\";i:0;s:17:\"uagb\/forms-select\";i:0;s:19:\"uagb\/forms-textarea\";i:0;s:17:\"uagb\/forms-toggle\";i:0;s:14:\"uagb\/forms-url\";i:0;s:14:\"uagb\/gf-styler\";i:0;s:15:\"uagb\/google-map\";i:0;s:11:\"uagb\/how-to\";i:0;s:16:\"uagb\/how-to-step\";i:0;s:9:\"uagb\/icon\";i:0;s:14:\"uagb\/icon-list\";i:0;s:20:\"uagb\/icon-list-child\";i:0;s:10:\"uagb\/image\";i:5;s:18:\"uagb\/image-gallery\";i:0;s:13:\"uagb\/info-box\";i:0;s:18:\"uagb\/inline-notice\";i:0;s:11:\"uagb\/lottie\";i:0;s:21:\"uagb\/marketing-button\";i:0;s:10:\"uagb\/modal\";i:0;s:18:\"uagb\/popup-builder\";i:0;s:16:\"uagb\/post-button\";i:0;s:18:\"uagb\/post-carousel\";i:0;s:17:\"uagb\/post-excerpt\";i:0;s:14:\"uagb\/post-grid\";i:0;s:15:\"uagb\/post-image\";i:0;s:17:\"uagb\/post-masonry\";i:0;s:14:\"uagb\/post-meta\";i:0;s:18:\"uagb\/post-taxonomy\";i:0;s:18:\"uagb\/post-timeline\";i:0;s:15:\"uagb\/post-title\";i:0;s:20:\"uagb\/restaurant-menu\";i:0;s:26:\"uagb\/restaurant-menu-child\";i:0;s:11:\"uagb\/review\";i:0;s:12:\"uagb\/section\";i:0;s:14:\"uagb\/separator\";i:0;s:11:\"uagb\/slider\";i:0;s:17:\"uagb\/slider-child\";i:0;s:17:\"uagb\/social-share\";i:0;s:23:\"uagb\/social-share-child\";i:0;s:16:\"uagb\/star-rating\";i:0;s:23:\"uagb\/sure-cart-checkout\";i:0;s:22:\"uagb\/sure-cart-product\";i:0;s:15:\"uagb\/sure-forms\";i:0;s:22:\"uagb\/table-of-contents\";i:0;s:9:\"uagb\/tabs\";i:0;s:15:\"uagb\/tabs-child\";i:0;s:18:\"uagb\/taxonomy-list\";i:0;s:9:\"uagb\/team\";i:0;s:16:\"uagb\/testimonial\";i:0;s:14:\"uagb\/wp-search\";i:0;s:19:\"uagb\/instagram-feed\";i:0;s:10:\"uagb\/login\";i:0;s:17:\"uagb\/loop-builder\";i:0;s:18:\"uagb\/loop-category\";i:0;s:20:\"uagb\/loop-pagination\";i:0;s:15:\"uagb\/loop-reset\";i:0;s:16:\"uagb\/loop-search\";i:0;s:14:\"uagb\/loop-sort\";i:0;s:17:\"uagb\/loop-wrapper\";i:0;s:13:\"uagb\/register\";i:0;s:19:\"uagb\/register-email\";i:0;s:24:\"uagb\/register-first-name\";i:0;s:23:\"uagb\/register-last-name\";i:0;s:22:\"uagb\/register-password\";i:0;s:30:\"uagb\/register-reenter-password\";i:0;s:19:\"uagb\/register-terms\";i:0;s:22:\"uagb\/register-username\";i:0;}"],"_uagb_last_spectra_edit":["1770257320"],"_uag_css_file_name":["uag-css-35.css"],"litespeed_vpi_list":["a:2:{i:0;s:16:\"MUXWAVE-LOGO.svg\";i:1;s:11:\"a-series-02\";}"]},"uagb_featured_image_src":{"full":false,"thumbnail":false,"medium":false,"medium_large":false,"large":false,"1536x1536":false,"2048x2048":false,"trp-custom-language-flag":false},"uagb_author_info":{"display_name":"MUXWAVE","author_link":"https:\/\/www.muxwave.com\/es\/author\/e5noyep\/"},"uagb_comment_info":0,"uagb_excerpt":"Product MUXWAVE Holographic Invisible Screen delivers ultra-high image quality with [&hellip;]","_links":{"self":[{"href":"https:\/\/www.muxwave.com\/es\/wp-json\/wp\/v2\/pages\/35","targetHints":{"allow":["GET"]}}],"collection":[{"href":"https:\/\/www.muxwave.com\/es\/wp-json\/wp\/v2\/pages"}],"about":[{"href":"https:\/\/www.muxwave.com\/es\/wp-json\/wp\/v2\/types\/page"}],"author":[{"embeddable":true,"href":"https:\/\/www.muxwave.com\/es\/wp-json\/wp\/v2\/users\/1"}],"replies":[{"embeddable":true,"href":"https:\/\/www.muxwave.com\/es\/wp-json\/wp\/v2\/comments?post=35"}],"version-history":[{"count":0,"href":"https:\/\/www.muxwave.com\/es\/wp-json\/wp\/v2\/pages\/35\/revisions"}],"wp:attachment":[{"href":"https:\/\/www.muxwave.com\/es\/wp-json\/wp\/v2\/media?parent=35"}],"curies":[{"name":"wp","href":"https:\/\/api.w.org\/{rel}","templated":true}]}}