{"id":35,"date":"2025-07-24T09:02:07","date_gmt":"2025-07-24T09:02:07","guid":{"rendered":"http:\/\/www.mxwtest.com\/shop\/"},"modified":"2025-09-29T15:13:05","modified_gmt":"2025-09-29T07:13:05","slug":"produit","status":"publish","type":"page","link":"https:\/\/www.muxwave.com\/fr\/product\/","title":{"rendered":"PRODUIT"},"content":{"rendered":"<div class=\"wp-block-uagb-container uagb-block-33c5c01d alignfull uagb-is-root-container\"><div class=\"uagb-container-inner-blocks-wrap\">\n<div class=\"wp-block-uagb-advanced-heading uagb-block-fce6488c\"><h1 class=\"uagb-heading-text\">Produit<\/h1><p class=\"uagb-desc-text\">L'\u00e9cran invisible holographique MUXWAVE offre une qualit\u00e9 d'image ultra-\u00e9lev\u00e9e avec une apparence r\u00e9ellement invisible. Premi\u00e8re solution LED transparente grand format au monde dot\u00e9e d'une structure homog\u00e8ne, elle offre une transparence totale et une luminosit\u00e9 exceptionnelle pour un affichage vif et haute d\u00e9finition.<\/p><\/div>\n<\/div><\/div>\n\n\n\n<div class=\"wp-block-uagb-container uagb-block-89aa2816 alignfull uagb-is-root-container\"><div class=\"uagb-container-inner-blocks-wrap\">\n<div class=\"wp-block-uagb-container uagb-block-a40088a0\">\n<div class=\"wp-block-uagb-image uagb-block-8482fa94 wp-block-uagb-image--layout-default wp-block-uagb-image--effect-static wp-block-uagb-image--align-none\"><figure class=\"wp-block-uagb-image__figure\"><a class=\"\" href=\"https:\/\/www.muxwave.com\/fr\/produit\/serie-a\/\" target=\"\" rel=\"noopener\"><img decoding=\"async\" srcset=\"https:\/\/www.muxwave.com\/wp-content\/uploads\/2025\/09\/a-series-02.webp ,https:\/\/www.muxwave.com\/wp-content\/uploads\/2025\/09\/a-series-02.webp 780w, https:\/\/www.muxwave.com\/wp-content\/uploads\/2025\/09\/a-series-02.webp 360w\" sizes=\"auto, (max-width: 480px) 150px\" src=\"https:\/\/www.muxwave.com\/wp-content\/uploads\/2025\/09\/a-series-02.webp\" alt=\"S\u00e9rie A - \u00c9cran LED tout-en-un\" class=\"uag-image-6148\" width=\"680\" height=\"394\" title=\"a-series-02\" loading=\"lazy\" role=\"img\"\/><\/a><\/figure><\/div>\n<\/div>\n\n\n\n<div class=\"wp-block-uagb-container uagb-block-b3fc175c\">\n<div class=\"wp-block-uagb-advanced-heading uagb-block-2255c980\"><h2 class=\"uagb-heading-text\"><a href=\"https:\/\/www.muxwave.com\/fr\/produit\/serie-a\/\">S\u00e9rie A - \u00c9cran LED tout-en-un<\/a><\/h2><p class=\"uagb-desc-text\">Unit\u00e9 standard tout-en-un dot\u00e9e d'un \u00e9cran fin et l\u00e9ger et d'un design \u00e9pur\u00e9, compatible avec de multiples m\u00e9thodes d'installation.<\/p><\/div>\n<\/div>\n<\/div><\/div>\n\n\n\n<div class=\"wp-block-uagb-container uagb-block-4f4270c3 alignfull uagb-is-root-container\"><div class=\"uagb-container-inner-blocks-wrap\">\n<div class=\"wp-block-uagb-container uagb-block-3d4c0380\">\n<div class=\"wp-block-uagb-image uagb-block-c8b7336d wp-block-uagb-image--layout-default wp-block-uagb-image--effect-static wp-block-uagb-image--align-none\"><figure class=\"wp-block-uagb-image__figure\"><img decoding=\"async\" srcset=\"https:\/\/www.muxwave.com\/wp-content\/uploads\/2025\/09\/2-M-Series-LED-Screen-Panels_-1.jpg ,https:\/\/www.muxwave.com\/wp-content\/uploads\/2025\/09\/2-M-Series-LED-Screen-Panels_-1.jpg 780w, https:\/\/www.muxwave.com\/wp-content\/uploads\/2025\/09\/2-M-Series-LED-Screen-Panels_-1.jpg 360w\" sizes=\"auto, (max-width: 480px) 150px\" src=\"https:\/\/www.muxwave.com\/wp-content\/uploads\/2025\/09\/2-M-Series-LED-Screen-Panels_-1.jpg\" alt=\"\" class=\"uag-image-7048\" width=\"680\" height=\"394\" title=\"2-M-Series---LED-Screen-Panels_\" loading=\"lazy\" role=\"img\"><\/figure><\/div>\n<\/div>\n\n\n\n<div class=\"wp-block-uagb-container uagb-block-2e8a6434\">\n<div class=\"wp-block-uagb-advanced-heading uagb-block-c403b2b6\"><h2 class=\"uagb-heading-text\"><a href=\"https:\/\/www.muxwave.com\/fr\/produit\/serie-m\/\">S\u00e9rie M - Panneaux d'\u00e9cran LED<\/a><\/h2><p class=\"uagb-desc-text\">Le module ne p\u00e8se que 6 kg\/m\u00b2 avec un profil mince de 1,8 mm. Les modules standard permettent des combinaisons de tailles flexibles pour une jonction sans faille et constituent le choix privil\u00e9gi\u00e9 pour le montage direct sur verre, convenant aux applications d'affichage simple ou double face.<\/p><\/div>\n<\/div>\n<\/div><\/div>\n\n\n\n<div class=\"wp-block-uagb-container uagb-block-202fbf52 alignfull uagb-is-root-container\"><div class=\"uagb-container-inner-blocks-wrap\">\n<div class=\"wp-block-uagb-container uagb-block-5d88f182\">\n<div class=\"wp-block-uagb-image uagb-block-fcd2d043 wp-block-uagb-image--layout-default wp-block-uagb-image--effect-static wp-block-uagb-image--align-none\"><figure class=\"wp-block-uagb-image__figure\"><img decoding=\"async\" srcset=\"https:\/\/www.muxwave.com\/wp-content\/uploads\/2025\/09\/3-P-Series-LED-Poster_-2.jpg ,https:\/\/www.muxwave.com\/wp-content\/uploads\/2025\/09\/3-P-Series-LED-Poster_-2.jpg 780w, https:\/\/www.muxwave.com\/wp-content\/uploads\/2025\/09\/3-P-Series-LED-Poster_-2.jpg 360w\" sizes=\"auto, (max-width: 480px) 150px\" src=\"https:\/\/www.muxwave.com\/wp-content\/uploads\/2025\/09\/3-P-Series-LED-Poster_-2.jpg\" alt=\"\" class=\"uag-image-7038\" width=\"680\" height=\"394\" title=\"S\u00e9rie 3-P-LED Poster_\" loading=\"lazy\" role=\"img\"><\/figure><\/div>\n<\/div>\n\n\n\n<div class=\"wp-block-uagb-container uagb-block-b0ef1862\">\n<div class=\"wp-block-uagb-advanced-heading uagb-block-3de04150\"><h2 class=\"uagb-heading-text\"><a href=\"https:\/\/www.muxwave.com\/fr\/produit\/serie-p\/\">S\u00e9rie P - Affiche LED<\/a><\/h2><p class=\"uagb-desc-text\">Conception sans cadre sur trois c\u00f4t\u00e9s avec une construction tout-en-un standard. Fonctionnement \"plug-and-play\", ne n\u00e9cessitant qu'un seul c\u00e2ble d'alimentation, permettant une installation flexible et prenant en charge plusieurs options de taille. <\/p><\/div>\n<\/div>\n<\/div><\/div>\n\n\n\n<div class=\"wp-block-uagb-container uagb-block-52f6bd7d alignfull uagb-is-root-container\"><div class=\"uagb-container-inner-blocks-wrap\">\n<div class=\"wp-block-uagb-container uagb-block-809ee433\">\n<div class=\"wp-block-uagb-image uagb-block-5555a1ef wp-block-uagb-image--layout-default wp-block-uagb-image--effect-static wp-block-uagb-image--align-none\"><figure class=\"wp-block-uagb-image__figure\"><a class=\"\" href=\"https:\/\/www.muxwave.com\/fr\/produit\/serie-f\/\" target=\"\" rel=\"noopener\"><img decoding=\"async\" srcset=\"https:\/\/www.muxwave.com\/wp-content\/uploads\/2025\/09\/hoisting-transparent-led-screen-adv-1.webp ,https:\/\/www.muxwave.com\/wp-content\/uploads\/2025\/09\/hoisting-transparent-led-screen-adv-1.webp 780w, https:\/\/www.muxwave.com\/wp-content\/uploads\/2025\/09\/hoisting-transparent-led-screen-adv-1.webp 360w\" sizes=\"auto, (max-width: 480px) 150px\" src=\"https:\/\/www.muxwave.com\/wp-content\/uploads\/2025\/09\/hoisting-transparent-led-screen-adv-1.webp\" alt=\"S\u00e9rie F - \u00c9cran LED suspendu\" class=\"uag-image-6198\" width=\"680\" height=\"394\" title=\"\u00e9cran de levage transparent-adv-1\" loading=\"lazy\" role=\"img\"\/><\/a><\/figure><\/div>\n<\/div>\n\n\n\n<div class=\"wp-block-uagb-container uagb-block-c3c59358\">\n<div class=\"wp-block-uagb-advanced-heading uagb-block-09802785\"><h2 class=\"uagb-heading-text\"><a href=\"https:\/\/www.muxwave.com\/fr\/produit\/serie-f\/\">S\u00e9rie F - \u00c9cran LED suspendu<\/a><\/h2><p class=\"uagb-desc-text\">Structure de montage rapide int\u00e9gr\u00e9e pour une installation rapide, avec des modules connect\u00e9s \u00e0 l'arri\u00e8re. Elle permet un montage \u00e0 angle droit et constitue le choix privil\u00e9gi\u00e9 pour les installations suspendues.<\/p><\/div>\n<\/div>\n<\/div><\/div>\n\n\n\n<div class=\"wp-block-uagb-container uagb-block-e21104bc alignfull uagb-is-root-container\"><div class=\"uagb-container-inner-blocks-wrap\">\n<div class=\"wp-block-uagb-container uagb-block-1708f87c\">\n<div class=\"wp-block-uagb-image uagb-block-c7d8f1ff wp-block-uagb-image--layout-default wp-block-uagb-image--effect-static wp-block-uagb-image--align-none\"><figure class=\"wp-block-uagb-image__figure\"><img decoding=\"async\" srcset=\"https:\/\/www.muxwave.com\/wp-content\/uploads\/2025\/09\/5-S-Series-LED-Screen-Cabinet_.jpg ,https:\/\/www.muxwave.com\/wp-content\/uploads\/2025\/09\/5-S-Series-LED-Screen-Cabinet_.jpg 780w, https:\/\/www.muxwave.com\/wp-content\/uploads\/2025\/09\/5-S-Series-LED-Screen-Cabinet_.jpg 360w\" sizes=\"auto, (max-width: 480px) 150px\" src=\"https:\/\/www.muxwave.com\/wp-content\/uploads\/2025\/09\/5-S-Series-LED-Screen-Cabinet_.jpg\" alt=\"\" class=\"uag-image-7041\" width=\"680\" height=\"383\" title=\"S\u00e9rie 5-S-LED-\u00e9cran-armoire_\" loading=\"lazy\" role=\"img\"><\/figure><\/div>\n<\/div>\n\n\n\n<div class=\"wp-block-uagb-container uagb-block-8ce6a173\">\n<div class=\"wp-block-uagb-advanced-heading uagb-block-93a4904e\"><h2 class=\"uagb-heading-text\"><a href=\"https:\/\/www.muxwave.com\/fr\/produit\/serie-s\/\">S\u00e9rie S - Armoire \u00e0 \u00e9cran LED<\/a><\/h2><p class=\"uagb-desc-text\">La structure interne modulaire de l'armoire permet une maintenance ind\u00e9pendante ais\u00e9e. La conception l\u00e9g\u00e8re et flexible s'adapte \u00e0 diverses configurations de murs-rideaux en verre.<\/p><\/div>\n\n\n\n<div class=\"wp-block-uagb-advanced-heading uagb-block-e17f4581\"><\/div>\n<\/div>\n<\/div><\/div>","protected":false},"excerpt":{"rendered":"<p>Product MUXWAVE Holographic Invisible Screen delivers ultra-high image quality with [&hellip;]<\/p>\n","protected":false},"author":1,"featured_media":0,"parent":0,"menu_order":0,"comment_status":"closed","ping_status":"closed","template":"","meta":{"_uag_custom_page_level_css":"","site-sidebar-layout":"default","site-content-layout":"","ast-site-content-layout":"default","site-content-style":"default","site-sidebar-style":"default","ast-global-header-display":"","ast-banner-title-visibility":"","ast-main-header-display":"","ast-hfb-above-header-display":"","ast-hfb-below-header-display":"","ast-hfb-mobile-header-display":"","site-post-title":"disabled","ast-breadcrumbs-content":"disabled","ast-featured-img":"","footer-sml-layout":"","ast-disable-related-posts":"","theme-transparent-header-meta":"disabled","adv-header-id-meta":"","stick-header-meta":"","header-above-stick-meta":"","header-main-stick-meta":"","header-below-stick-meta":"","astra-migrate-meta-layouts":"default","ast-page-background-enabled":"default","ast-page-background-meta":{"desktop":{"background-color":"var(--ast-global-color-5)","background-image":"","background-repeat":"repeat","background-position":"center center","background-size":"auto","background-attachment":"scroll","background-type":"","background-media":"","overlay-type":"","overlay-color":"","overlay-opacity":"","overlay-gradient":""},"tablet":{"background-color":"","background-image":"","background-repeat":"repeat","background-position":"center center","background-size":"auto","background-attachment":"scroll","background-type":"","background-media":"","overlay-type":"","overlay-color":"","overlay-opacity":"","overlay-gradient":""},"mobile":{"background-color":"","background-image":"","background-repeat":"repeat","background-position":"center center","background-size":"auto","background-attachment":"scroll","background-type":"","background-media":"","overlay-type":"","overlay-color":"","overlay-opacity":"","overlay-gradient":""}},"ast-content-background-meta":{"desktop":{"background-color":"var(--ast-global-color-4)","background-image":"","background-repeat":"repeat","background-position":"center center","background-size":"auto","background-attachment":"scroll","background-type":"","background-media":"","overlay-type":"","overlay-color":"","overlay-opacity":"","overlay-gradient":""},"tablet":{"background-color":"var(--ast-global-color-4)","background-image":"","background-repeat":"repeat","background-position":"center center","background-size":"auto","background-attachment":"scroll","background-type":"","background-media":"","overlay-type":"","overlay-color":"","overlay-opacity":"","overlay-gradient":""},"mobile":{"background-color":"var(--ast-global-color-4)","background-image":"","background-repeat":"repeat","background-position":"center center","background-size":"auto","background-attachment":"scroll","background-type":"","background-media":"","overlay-type":"","overlay-color":"","overlay-opacity":"","overlay-gradient":""}},"footnotes":""},"class_list":["post-35","page","type-page","status-publish","hentry"],"spectra_custom_meta":{"_edit_lock":["1759130183:3"],"_uag_custom_page_level_css":[""],"site-sidebar-layout":["default"],"site-content-layout":[""],"ast-site-content-layout":["default"],"site-content-style":["default"],"site-sidebar-style":["default"],"ast-global-header-display":[""],"ast-banner-title-visibility":[""],"ast-main-header-display":[""],"ast-hfb-above-header-display":[""],"ast-hfb-below-header-display":[""],"ast-hfb-mobile-header-display":[""],"site-post-title":["disabled"],"ast-breadcrumbs-content":["disabled"],"ast-featured-img":[""],"footer-sml-layout":[""],"theme-transparent-header-meta":["disabled"],"adv-header-id-meta":[""],"stick-header-meta":[""],"header-above-stick-meta":[""],"header-main-stick-meta":[""],"header-below-stick-meta":[""],"astra-migrate-meta-layouts":["default"],"ast-page-background-enabled":["default"],"ast-page-background-meta":["a:3:{s:7:\"desktop\";a:12:{s:16:\"background-color\";s:25:\"var(--ast-global-color-5)\";s:16:\"background-image\";s:0:\"\";s:17:\"background-repeat\";s:6:\"repeat\";s:19:\"background-position\";s:13:\"center center\";s:15:\"background-size\";s:4:\"auto\";s:21:\"background-attachment\";s:6:\"scroll\";s:15:\"background-type\";s:0:\"\";s:16:\"background-media\";s:0:\"\";s:12:\"overlay-type\";s:0:\"\";s:13:\"overlay-color\";s:0:\"\";s:15:\"overlay-opacity\";s:0:\"\";s:16:\"overlay-gradient\";s:0:\"\";}s:6:\"tablet\";a:12:{s:16:\"background-color\";s:0:\"\";s:16:\"background-image\";s:0:\"\";s:17:\"background-repeat\";s:6:\"repeat\";s:19:\"background-position\";s:13:\"center center\";s:15:\"background-size\";s:4:\"auto\";s:21:\"background-attachment\";s:6:\"scroll\";s:15:\"background-type\";s:0:\"\";s:16:\"background-media\";s:0:\"\";s:12:\"overlay-type\";s:0:\"\";s:13:\"overlay-color\";s:0:\"\";s:15:\"overlay-opacity\";s:0:\"\";s:16:\"overlay-gradient\";s:0:\"\";}s:6:\"mobile\";a:12:{s:16:\"background-color\";s:0:\"\";s:16:\"background-image\";s:0:\"\";s:17:\"background-repeat\";s:6:\"repeat\";s:19:\"background-position\";s:13:\"center center\";s:15:\"background-size\";s:4:\"auto\";s:21:\"background-attachment\";s:6:\"scroll\";s:15:\"background-type\";s:0:\"\";s:16:\"background-media\";s:0:\"\";s:12:\"overlay-type\";s:0:\"\";s:13:\"overlay-color\";s:0:\"\";s:15:\"overlay-opacity\";s:0:\"\";s:16:\"overlay-gradient\";s:0:\"\";}}"],"ast-content-background-meta":["a:3:{s:7:\"desktop\";a:12:{s:16:\"background-color\";s:25:\"var(--ast-global-color-4)\";s:16:\"background-image\";s:0:\"\";s:17:\"background-repeat\";s:6:\"repeat\";s:19:\"background-position\";s:13:\"center center\";s:15:\"background-size\";s:4:\"auto\";s:21:\"background-attachment\";s:6:\"scroll\";s:15:\"background-type\";s:0:\"\";s:16:\"background-media\";s:0:\"\";s:12:\"overlay-type\";s:0:\"\";s:13:\"overlay-color\";s:0:\"\";s:15:\"overlay-opacity\";s:0:\"\";s:16:\"overlay-gradient\";s:0:\"\";}s:6:\"tablet\";a:12:{s:16:\"background-color\";s:25:\"var(--ast-global-color-4)\";s:16:\"background-image\";s:0:\"\";s:17:\"background-repeat\";s:6:\"repeat\";s:19:\"background-position\";s:13:\"center center\";s:15:\"background-size\";s:4:\"auto\";s:21:\"background-attachment\";s:6:\"scroll\";s:15:\"background-type\";s:0:\"\";s:16:\"background-media\";s:0:\"\";s:12:\"overlay-type\";s:0:\"\";s:13:\"overlay-color\";s:0:\"\";s:15:\"overlay-opacity\";s:0:\"\";s:16:\"overlay-gradient\";s:0:\"\";}s:6:\"mobile\";a:12:{s:16:\"background-color\";s:25:\"var(--ast-global-color-4)\";s:16:\"background-image\";s:0:\"\";s:17:\"background-repeat\";s:6:\"repeat\";s:19:\"background-position\";s:13:\"center center\";s:15:\"background-size\";s:4:\"auto\";s:21:\"background-attachment\";s:6:\"scroll\";s:15:\"background-type\";s:0:\"\";s:16:\"background-media\";s:0:\"\";s:12:\"overlay-type\";s:0:\"\";s:13:\"overlay-color\";s:0:\"\";s:15:\"overlay-opacity\";s:0:\"\";s:16:\"overlay-gradient\";s:0:\"\";}}"],"footnotes":[""],"_edit_last":["1"],"rank_math_og_content_image":["a:2:{s:5:\"check\";s:32:\"3f7ee4c78345c4678bcfd115fe9cdfda\";s:6:\"images\";a:1:{i:0;i:6148;}}"],"astra_style_timestamp_css":["1775728254"],"rank_math_internal_links_processed":["1"],"_uagb_previous_block_counts":["a:90:{s:21:\"uagb\/advanced-heading\";i:7;s:15:\"uagb\/blockquote\";i:0;s:12:\"uagb\/buttons\";i:0;s:18:\"uagb\/buttons-child\";i:0;s:19:\"uagb\/call-to-action\";i:0;s:15:\"uagb\/cf7-styler\";i:0;s:11:\"uagb\/column\";i:0;s:12:\"uagb\/columns\";i:0;s:14:\"uagb\/container\";i:16;s:21:\"uagb\/content-timeline\";i:0;s:27:\"uagb\/content-timeline-child\";i:0;s:14:\"uagb\/countdown\";i:0;s:12:\"uagb\/counter\";i:0;s:8:\"uagb\/faq\";i:0;s:14:\"uagb\/faq-child\";i:0;s:10:\"uagb\/forms\";i:0;s:17:\"uagb\/forms-accept\";i:0;s:19:\"uagb\/forms-checkbox\";i:0;s:15:\"uagb\/forms-date\";i:0;s:16:\"uagb\/forms-email\";i:0;s:17:\"uagb\/forms-hidden\";i:0;s:15:\"uagb\/forms-name\";i:0;s:16:\"uagb\/forms-phone\";i:0;s:16:\"uagb\/forms-radio\";i:0;s:17:\"uagb\/forms-select\";i:0;s:19:\"uagb\/forms-textarea\";i:0;s:17:\"uagb\/forms-toggle\";i:0;s:14:\"uagb\/forms-url\";i:0;s:14:\"uagb\/gf-styler\";i:0;s:15:\"uagb\/google-map\";i:0;s:11:\"uagb\/how-to\";i:0;s:16:\"uagb\/how-to-step\";i:0;s:9:\"uagb\/icon\";i:0;s:14:\"uagb\/icon-list\";i:0;s:20:\"uagb\/icon-list-child\";i:0;s:10:\"uagb\/image\";i:5;s:18:\"uagb\/image-gallery\";i:0;s:13:\"uagb\/info-box\";i:0;s:18:\"uagb\/inline-notice\";i:0;s:11:\"uagb\/lottie\";i:0;s:21:\"uagb\/marketing-button\";i:0;s:10:\"uagb\/modal\";i:0;s:18:\"uagb\/popup-builder\";i:0;s:16:\"uagb\/post-button\";i:0;s:18:\"uagb\/post-carousel\";i:0;s:17:\"uagb\/post-excerpt\";i:0;s:14:\"uagb\/post-grid\";i:0;s:15:\"uagb\/post-image\";i:0;s:17:\"uagb\/post-masonry\";i:0;s:14:\"uagb\/post-meta\";i:0;s:18:\"uagb\/post-taxonomy\";i:0;s:18:\"uagb\/post-timeline\";i:0;s:15:\"uagb\/post-title\";i:0;s:20:\"uagb\/restaurant-menu\";i:0;s:26:\"uagb\/restaurant-menu-child\";i:0;s:11:\"uagb\/review\";i:0;s:12:\"uagb\/section\";i:0;s:14:\"uagb\/separator\";i:0;s:11:\"uagb\/slider\";i:0;s:17:\"uagb\/slider-child\";i:0;s:17:\"uagb\/social-share\";i:0;s:23:\"uagb\/social-share-child\";i:0;s:16:\"uagb\/star-rating\";i:0;s:23:\"uagb\/sure-cart-checkout\";i:0;s:22:\"uagb\/sure-cart-product\";i:0;s:15:\"uagb\/sure-forms\";i:0;s:22:\"uagb\/table-of-contents\";i:0;s:9:\"uagb\/tabs\";i:0;s:15:\"uagb\/tabs-child\";i:0;s:18:\"uagb\/taxonomy-list\";i:0;s:9:\"uagb\/team\";i:0;s:16:\"uagb\/testimonial\";i:0;s:14:\"uagb\/wp-search\";i:0;s:19:\"uagb\/instagram-feed\";i:0;s:10:\"uagb\/login\";i:0;s:17:\"uagb\/loop-builder\";i:0;s:18:\"uagb\/loop-category\";i:0;s:20:\"uagb\/loop-pagination\";i:0;s:15:\"uagb\/loop-reset\";i:0;s:16:\"uagb\/loop-search\";i:0;s:14:\"uagb\/loop-sort\";i:0;s:17:\"uagb\/loop-wrapper\";i:0;s:13:\"uagb\/register\";i:0;s:19:\"uagb\/register-email\";i:0;s:24:\"uagb\/register-first-name\";i:0;s:23:\"uagb\/register-last-name\";i:0;s:22:\"uagb\/register-password\";i:0;s:30:\"uagb\/register-reenter-password\";i:0;s:19:\"uagb\/register-terms\";i:0;s:22:\"uagb\/register-username\";i:0;}"],"_uagb_last_spectra_edit":["1770257320"],"_uag_css_file_name":["uag-css-35.css"],"litespeed_vpi_list":["a:2:{i:0;s:16:\"MUXWAVE-LOGO.svg\";i:1;s:11:\"a-series-02\";}"]},"uagb_featured_image_src":{"full":false,"thumbnail":false,"medium":false,"medium_large":false,"large":false,"1536x1536":false,"2048x2048":false,"trp-custom-language-flag":false},"uagb_author_info":{"display_name":"MUXWAVE","author_link":"https:\/\/www.muxwave.com\/fr\/author\/e5noyep\/"},"uagb_comment_info":0,"uagb_excerpt":"Product MUXWAVE Holographic Invisible Screen delivers ultra-high image quality with [&hellip;]","_links":{"self":[{"href":"https:\/\/www.muxwave.com\/fr\/wp-json\/wp\/v2\/pages\/35","targetHints":{"allow":["GET"]}}],"collection":[{"href":"https:\/\/www.muxwave.com\/fr\/wp-json\/wp\/v2\/pages"}],"about":[{"href":"https:\/\/www.muxwave.com\/fr\/wp-json\/wp\/v2\/types\/page"}],"author":[{"embeddable":true,"href":"https:\/\/www.muxwave.com\/fr\/wp-json\/wp\/v2\/users\/1"}],"replies":[{"embeddable":true,"href":"https:\/\/www.muxwave.com\/fr\/wp-json\/wp\/v2\/comments?post=35"}],"version-history":[{"count":0,"href":"https:\/\/www.muxwave.com\/fr\/wp-json\/wp\/v2\/pages\/35\/revisions"}],"wp:attachment":[{"href":"https:\/\/www.muxwave.com\/fr\/wp-json\/wp\/v2\/media?parent=35"}],"curies":[{"name":"wp","href":"https:\/\/api.w.org\/{rel}","templated":true}]}}